{"id":93,"date":"2024-09-12T13:35:07","date_gmt":"2024-09-12T13:35:07","guid":{"rendered":"https:\/\/juntospelofuturo.com.br\/?page_id=93"},"modified":"2026-04-07T01:28:21","modified_gmt":"2026-04-07T01:28:21","slug":"projetos","status":"publish","type":"page","link":"https:\/\/juntospelofuturo.com.br\/?page_id=93","title":{"rendered":"Projetos"},"content":{"rendered":"\t\t<div data-elementor-type=\"wp-post\" data-elementor-id=\"93\" class=\"elementor elementor-93\" data-elementor-post-type=\"page\">\n\t\t\t\t<div class=\"elementor-element elementor-element-c517cfe e-flex e-con-boxed e-con e-parent\" data-id=\"c517cfe\" data-element_type=\"container\">\n\t\t\t\t\t<div class=\"e-con-inner\">\n\t\t\t\t<div class=\"elementor-element elementor-element-338c814 elementor-widget elementor-widget-heading\" data-id=\"338c814\" data-element_type=\"widget\" data-widget_type=\"heading.default\">\n\t\t\t\t<div class=\"elementor-widget-container\">\n\t\t\t\t\t<h2 class=\"elementor-heading-title elementor-size-default\">Projetos e A\u00e7\u00f5es\n<\/h2>\t\t\t\t<\/div>\n\t\t\t\t<\/div>\n\t\t\t\t<div class=\"elementor-element elementor-element-c255606 elementor-widget elementor-widget-text-editor\" data-id=\"c255606\" data-element_type=\"widget\" data-widget_type=\"text-editor.default\">\n\t\t\t\t<div class=\"elementor-widget-container\">\n\t\t\t\t\t\t\t\t\t<div class=\"elementor-element elementor-element-1fa280a elementor-widget elementor-widget-heading\" data-id=\"1fa280a\" data-element_type=\"widget\" data-widget_type=\"heading.default\"><div class=\"elementor-widget-container\"><h2 class=\"elementor-heading-title elementor-size-default\"><span style=\"color: #7a7a7a; font-weight: 400; text-align: start; font-size: 1rem;\">O \u201cJuntos Pelo Futuro\u201d \u00e9 um movimento ativo, comprometido em transformar ideias em a\u00e7\u00f5es concretas. Acreditamos que a liberdade deve ser defendida atrav\u00e9s de iniciativas que envolvam a participa\u00e7\u00e3o de cada cidad\u00e3o. Confira abaixo nossos projetos e a\u00e7\u00f5es em andamento:<\/span><\/h2><\/div><\/div><div class=\"elementor-element elementor-element-8c6485f elementor-widget elementor-widget-text-editor\" data-id=\"8c6485f\" data-element_type=\"widget\" data-widget_type=\"text-editor.default\"><div class=\"elementor-widget-container\"><ul><li><p><strong>Liberdade de Express\u00e3o em Foco<\/strong><br \/>Uma s\u00e9rie de eventos e palestras dedicados \u00e0 promo\u00e7\u00e3o e defesa da liberdade de express\u00e3o no Brasil. Nossos debates s\u00e3o abertos a todos e acontecem em diversos estados.<\/p><\/li><li><p><strong>A\u00e7\u00e3o C\u00edvica nas Comunidades<\/strong><br \/>Iniciativas para engajar cidad\u00e3os em seus direitos e deveres civis, incentivando a participa\u00e7\u00e3o ativa nas decis\u00f5es que moldam nosso pa\u00eds.<\/p><\/li><li><p><strong>Plataforma de Vozes Livres<\/strong><br \/>Criamos um espa\u00e7o digital onde qualquer pessoa pode compartilhar sua vis\u00e3o de um Brasil mais livre e pr\u00f3spero. Nosso objetivo \u00e9 reunir ideias que inspirem solu\u00e7\u00f5es pr\u00e1ticas para os desafios do pa\u00eds.<\/p><\/li><\/ul><\/div><\/div>\t\t\t\t\t\t\t\t<\/div>\n\t\t\t\t<\/div>\n\t\t\t\t\t<\/div>\n\t\t\t\t<\/div>\n\t\t\t\t<\/div>\n\t\t","protected":false},"excerpt":{"rendered":"<p>Projetos e A\u00e7\u00f5es O \u201cJuntos Pelo Futuro\u201d \u00e9 um movimento ativo, comprometido em transformar ideias em a\u00e7\u00f5es concretas. Acreditamos que a liberdade deve ser defendida atrav\u00e9s de iniciativas que envolvam a participa\u00e7\u00e3o de cada cidad\u00e3o. Confira abaixo nossos projetos e a\u00e7\u00f5es em andamento: Liberdade de Express\u00e3o em FocoUma s\u00e9rie de eventos e palestras dedicados \u00e0 [&hellip;]<\/p>\n","protected":false},"author":1,"featured_media":0,"parent":0,"menu_order":0,"comment_status":"closed","ping_status":"closed","template":"","meta":{"footnotes":""},"class_list":["post-93","page","type-page","status-publish","hentry"],"_links":{"self":[{"href":"https:\/\/juntospelofuturo.com.br\/index.php?rest_route=\/wp\/v2\/pages\/93","targetHints":{"allow":["GET"]}}],"collection":[{"href":"https:\/\/juntospelofuturo.com.br\/index.php?rest_route=\/wp\/v2\/pages"}],"about":[{"href":"https:\/\/juntospelofuturo.com.br\/index.php?rest_route=\/wp\/v2\/types\/page"}],"author":[{"embeddable":true,"href":"https:\/\/juntospelofuturo.com.br\/index.php?rest_route=\/wp\/v2\/users\/1"}],"replies":[{"embeddable":true,"href":"https:\/\/juntospelofuturo.com.br\/index.php?rest_route=%2Fwp%2Fv2%2Fcomments&post=93"}],"version-history":[{"count":37,"href":"https:\/\/juntospelofuturo.com.br\/index.php?rest_route=\/wp\/v2\/pages\/93\/revisions"}],"predecessor-version":[{"id":309,"href":"https:\/\/juntospelofuturo.com.br\/index.php?rest_route=\/wp\/v2\/pages\/93\/revisions\/309"}],"wp:attachment":[{"href":"https:\/\/juntospelofuturo.com.br\/index.php?rest_route=%2Fwp%2Fv2%2Fmedia&parent=93"}],"curies":[{"name":"wp","href":"https:\/\/api.w.org\/{rel}","templated":true}]}}