{"id":9,"date":"2024-09-09T21:43:55","date_gmt":"2024-09-09T21:43:55","guid":{"rendered":"https:\/\/juntospelofuturo.com.br\/?page_id=9"},"modified":"2026-04-07T01:25:49","modified_gmt":"2026-04-07T01:25:49","slug":"home","status":"publish","type":"page","link":"https:\/\/juntospelofuturo.com.br\/","title":{"rendered":"Home"},"content":{"rendered":"\t\t<div data-elementor-type=\"wp-post\" data-elementor-id=\"9\" class=\"elementor elementor-9\" data-elementor-post-type=\"page\">\n\t\t\t\t<div class=\"elementor-element elementor-element-a7aa34c e-flex e-con-boxed e-con e-parent\" data-id=\"a7aa34c\" data-element_type=\"container\">\n\t\t\t\t\t<div class=\"e-con-inner\">\n\t\t<div class=\"elementor-element elementor-element-1c574d7 e-con-full e-flex e-con e-child\" data-id=\"1c574d7\" data-element_type=\"container\">\n\t\t\t\t<div class=\"elementor-element elementor-element-ee0f3df elementor-widget elementor-widget-text-editor\" data-id=\"ee0f3df\" data-element_type=\"widget\" data-widget_type=\"text-editor.default\">\n\t\t\t\t<div class=\"elementor-widget-container\">\n\t\t\t\t\t\t\t\t\t<p>O \u201c<b>Juntos Pelo Futuro<\/b>\u201d \u00e9 um movimento criado para unir brasileiros que acreditam na liberdade como base para um futuro pr\u00f3spero e justo. Sem l\u00edderes, sem partidos, apenas cidad\u00e3os comprometidos em transformar o Brasil por meio da a\u00e7\u00e3o e da colabora\u00e7\u00e3o.\u00a0<\/p><p>Estamos aqui para construir um pa\u00eds onde a liberdade de express\u00e3o, a autonomia individual e a participa\u00e7\u00e3o ativa de cada pessoa sejam respeitadas e promovidas. Nosso movimento \u00e9 para todos que desejam fazer parte de uma mudan\u00e7a verdadeira e duradoura.<\/p>\t\t\t\t\t\t\t\t<\/div>\n\t\t\t\t<\/div>\n\t\t\t\t<\/div>\n\t\t<div class=\"elementor-element elementor-element-27204d1 e-con-full e-flex e-con e-child\" data-id=\"27204d1\" data-element_type=\"container\">\n\t\t\t\t<div class=\"elementor-element elementor-element-cb00f16 elementor-widget elementor-widget-image\" data-id=\"cb00f16\" data-element_type=\"widget\" data-widget_type=\"image.default\">\n\t\t\t\t<div class=\"elementor-widget-container\">\n\t\t\t\t\t\t\t\t\t\t\t\t\t\t\t<img decoding=\"async\" src=\"https:\/\/web.archive.org\/web\/20250421043927im_\/https:\/\/media.tenor.com\/Kuvti3Xqv70AAAAC\/brasil-natureza.gif\" title=\"\" alt=\"\" loading=\"lazy\" \/>\t\t\t\t\t\t\t\t\t\t\t\t\t\t\t<\/div>\n\t\t\t\t<\/div>\n\t\t\t\t<\/div>\n\t\t\t\t\t<\/div>\n\t\t\t\t<\/div>\n\t\t<div class=\"elementor-element elementor-element-8df1b3c e-flex e-con-boxed e-con e-parent\" data-id=\"8df1b3c\" data-element_type=\"container\">\n\t\t\t\t\t<div class=\"e-con-inner\">\n\t\t\t\t<div class=\"elementor-element elementor-element-e40c19c elementor-widget elementor-widget-text-editor\" data-id=\"e40c19c\" data-element_type=\"widget\" data-widget_type=\"text-editor.default\">\n\t\t\t\t<div class=\"elementor-widget-container\">\n\t\t\t\t\t\t\t\t\t<p>A democracia \u00e9 um pilar essencial da liberdade e s\u00f3 se mant\u00e9m viva quando continuamente fortalecida pela participa\u00e7\u00e3o ativa e consciente de todos os cidad\u00e3os.<\/p>\t\t\t\t\t\t\t\t<\/div>\n\t\t\t\t<\/div>\n\t\t\t\t\t<\/div>\n\t\t\t\t<\/div>\n\t\t\t\t<\/div>\n\t\t","protected":false},"excerpt":{"rendered":"<p>O \u201cJuntos Pelo Futuro\u201d \u00e9 um movimento criado para unir brasileiros que acreditam na liberdade como base para um futuro pr\u00f3spero e justo. Sem l\u00edderes, sem partidos, apenas cidad\u00e3os comprometidos em transformar o Brasil por meio da a\u00e7\u00e3o e da colabora\u00e7\u00e3o.\u00a0 Estamos aqui para construir um pa\u00eds onde a liberdade de express\u00e3o, a autonomia individual [&hellip;]<\/p>\n","protected":false},"author":1,"featured_media":0,"parent":0,"menu_order":0,"comment_status":"closed","ping_status":"closed","template":"elementor_header_footer","meta":{"footnotes":""},"class_list":["post-9","page","type-page","status-publish","hentry"],"_links":{"self":[{"href":"https:\/\/juntospelofuturo.com.br\/index.php?rest_route=\/wp\/v2\/pages\/9","targetHints":{"allow":["GET"]}}],"collection":[{"href":"https:\/\/juntospelofuturo.com.br\/index.php?rest_route=\/wp\/v2\/pages"}],"about":[{"href":"https:\/\/juntospelofuturo.com.br\/index.php?rest_route=\/wp\/v2\/types\/page"}],"author":[{"embeddable":true,"href":"https:\/\/juntospelofuturo.com.br\/index.php?rest_route=\/wp\/v2\/users\/1"}],"replies":[{"embeddable":true,"href":"https:\/\/juntospelofuturo.com.br\/index.php?rest_route=%2Fwp%2Fv2%2Fcomments&post=9"}],"version-history":[{"count":81,"href":"https:\/\/juntospelofuturo.com.br\/index.php?rest_route=\/wp\/v2\/pages\/9\/revisions"}],"predecessor-version":[{"id":303,"href":"https:\/\/juntospelofuturo.com.br\/index.php?rest_route=\/wp\/v2\/pages\/9\/revisions\/303"}],"wp:attachment":[{"href":"https:\/\/juntospelofuturo.com.br\/index.php?rest_route=%2Fwp%2Fv2%2Fmedia&parent=9"}],"curies":[{"name":"wp","href":"https:\/\/api.w.org\/{rel}","templated":true}]}}