{"id":86,"date":"2024-09-12T13:22:52","date_gmt":"2024-09-12T13:22:52","guid":{"rendered":"https:\/\/juntospelofuturo.com.br\/?page_id=86"},"modified":"2026-04-07T01:32:32","modified_gmt":"2026-04-07T01:32:32","slug":"quem-somos","status":"publish","type":"page","link":"https:\/\/juntospelofuturo.com.br\/?page_id=86","title":{"rendered":"Quem Somos"},"content":{"rendered":"\t\t<div data-elementor-type=\"wp-page\" data-elementor-id=\"86\" class=\"elementor elementor-86\" data-elementor-post-type=\"page\">\n\t\t\t\t<div class=\"elementor-element elementor-element-cf80ab1 e-flex e-con-boxed e-con e-parent\" data-id=\"cf80ab1\" data-element_type=\"container\">\n\t\t\t\t\t<div class=\"e-con-inner\">\n\t\t\t\t<div class=\"elementor-element elementor-element-7356d00 elementor-widget elementor-widget-heading\" data-id=\"7356d00\" data-element_type=\"widget\" data-widget_type=\"heading.default\">\n\t\t\t\t<div class=\"elementor-widget-container\">\n\t\t\t\t\t<h2 class=\"elementor-heading-title elementor-size-default\">Quem Somos<\/h2>\t\t\t\t<\/div>\n\t\t\t\t<\/div>\n\t\t\t\t\t<\/div>\n\t\t\t\t<\/div>\n\t\t<div class=\"elementor-element elementor-element-e6e77a2 e-flex e-con-boxed e-con e-parent\" data-id=\"e6e77a2\" data-element_type=\"container\">\n\t\t\t\t\t<div class=\"e-con-inner\">\n\t\t\t\t<div class=\"elementor-element elementor-element-91cb37c elementor-widget elementor-widget-text-editor\" data-id=\"91cb37c\" data-element_type=\"widget\" data-widget_type=\"text-editor.default\">\n\t\t\t\t<div class=\"elementor-widget-container\">\n\t\t\t\t\t\t\t\t\t<p>O \u201cJuntos Pelo Futuro\u201d \u00e9 um movimento brasileiro criado para promover e apoiar a liberdade no Brasil. Sem l\u00edderes ou figuras centrais, acreditamos que o poder est\u00e1 na uni\u00e3o e na a\u00e7\u00e3o volunt\u00e1ria de cada cidad\u00e3o. <br><br><b>Nosso objetivo<\/b> \u00e9 despertar a consci\u00eancia de que, juntos, podemos construir um futuro de liberdade e prosperidade para todos. <br><br>Somos uma rede de pessoas comprometidas com a defesa de princ\u00edpios como a liberdade de express\u00e3o, a autonomia individual e o desenvolvimento sustent\u00e1vel. Todos podem fazer parte e contribuir para o avan\u00e7o dessa causa. Aqui, cada voz importa e cada a\u00e7\u00e3o conta para moldar o Brasil que queremos ver. <br><br><b>Nossa Miss\u00e3o<\/b>&nbsp;Apoiar e defender a liberdade no Brasil, promovendo iniciativas que capacitem os cidad\u00e3os a exercerem seus direitos de forma plena e independente, criando um futuro de oportunidades.<\/p>\t\t\t\t\t\t\t\t<\/div>\n\t\t\t\t<\/div>\n\t\t\t\t\t<\/div>\n\t\t\t\t<\/div>\n\t\t<div class=\"elementor-element elementor-element-0fbbea6 e-flex e-con-boxed e-con e-parent\" data-id=\"0fbbea6\" data-element_type=\"container\">\n\t\t\t\t\t<div class=\"e-con-inner\">\n\t\t\t\t<div class=\"elementor-element elementor-element-a6e92d3 elementor-widget elementor-widget-heading\" data-id=\"a6e92d3\" data-element_type=\"widget\" data-widget_type=\"heading.default\">\n\t\t\t\t<div class=\"elementor-widget-container\">\n\t\t\t\t\t<h2 class=\"elementor-heading-title elementor-size-default\">Nossos Valores<\/h2>\t\t\t\t<\/div>\n\t\t\t\t<\/div>\n\t\t\t\t<div class=\"elementor-element elementor-element-3a2be60 elementor-widget elementor-widget-text-editor\" data-id=\"3a2be60\" data-element_type=\"widget\" data-widget_type=\"text-editor.default\">\n\t\t\t\t<div class=\"elementor-widget-container\">\n\t\t\t\t\t\t\t\t\t<ul><li><strong>Liberdade<\/strong>: Acreditamos que a liberdade \u00e9 um direito inalien\u00e1vel de todos os brasileiros.<\/li><li><strong>Colabora\u00e7\u00e3o<\/strong>: Unimos for\u00e7as para transformar ideias em a\u00e7\u00f5es.<\/li><li><strong>Inclus\u00e3o<\/strong>: Todos s\u00e3o bem-vindos para participar do movimento, sem distin\u00e7\u00f5es.<\/li><\/ul>\t\t\t\t\t\t\t\t<\/div>\n\t\t\t\t<\/div>\n\t\t\t\t\t<\/div>\n\t\t\t\t<\/div>\n\t\t\t\t<\/div>\n\t\t","protected":false},"excerpt":{"rendered":"<p>Quem Somos O \u201cJuntos Pelo Futuro\u201d \u00e9 um movimento brasileiro criado para promover e apoiar a liberdade no Brasil. Sem l\u00edderes ou figuras centrais, acreditamos que o poder est\u00e1 na uni\u00e3o e na a\u00e7\u00e3o volunt\u00e1ria de cada cidad\u00e3o. Nosso objetivo \u00e9 despertar a consci\u00eancia de que, juntos, podemos construir um futuro de liberdade e prosperidade [&hellip;]<\/p>\n","protected":false},"author":1,"featured_media":0,"parent":0,"menu_order":0,"comment_status":"closed","ping_status":"closed","template":"","meta":{"footnotes":""},"class_list":["post-86","page","type-page","status-publish","hentry"],"_links":{"self":[{"href":"https:\/\/juntospelofuturo.com.br\/index.php?rest_route=\/wp\/v2\/pages\/86","targetHints":{"allow":["GET"]}}],"collection":[{"href":"https:\/\/juntospelofuturo.com.br\/index.php?rest_route=\/wp\/v2\/pages"}],"about":[{"href":"https:\/\/juntospelofuturo.com.br\/index.php?rest_route=\/wp\/v2\/types\/page"}],"author":[{"embeddable":true,"href":"https:\/\/juntospelofuturo.com.br\/index.php?rest_route=\/wp\/v2\/users\/1"}],"replies":[{"embeddable":true,"href":"https:\/\/juntospelofuturo.com.br\/index.php?rest_route=%2Fwp%2Fv2%2Fcomments&post=86"}],"version-history":[{"count":25,"href":"https:\/\/juntospelofuturo.com.br\/index.php?rest_route=\/wp\/v2\/pages\/86\/revisions"}],"predecessor-version":[{"id":315,"href":"https:\/\/juntospelofuturo.com.br\/index.php?rest_route=\/wp\/v2\/pages\/86\/revisions\/315"}],"wp:attachment":[{"href":"https:\/\/juntospelofuturo.com.br\/index.php?rest_route=%2Fwp%2Fv2%2Fmedia&parent=86"}],"curies":[{"name":"wp","href":"https:\/\/api.w.org\/{rel}","templated":true}]}}